{"id":11,"date":"2022-10-11T14:02:28","date_gmt":"2022-10-11T14:02:28","guid":{"rendered":"https:\/\/ww2.picture-vision.com\/jaegerschaft-ilmenau.de\/?page_id=11"},"modified":"2026-04-27T14:10:15","modified_gmt":"2026-04-27T14:10:15","slug":"termine","status":"publish","type":"page","link":"https:\/\/js-ilmenau.de\/index.php\/termine\/","title":{"rendered":"Termine"},"content":{"rendered":"\n<h2 class=\"wp-block-heading has-text-align-left\" style=\"text-transform:uppercase\">zuk\u00fcnftige Termine<\/h2>\n\n\n\n<div class=\"wp-block-columns is-layout-flex wp-container-core-columns-is-layout-9d6595d7 wp-block-columns-is-layout-flex\">\n<div class=\"wp-block-column is-layout-flow wp-block-column-is-layout-flow\">\n<figure class=\"wp-block-table\"><table class=\"has-fixed-layout\"><tbody><tr><td class=\"has-text-align-center\" data-align=\"center\">23.05.2026<\/td><td class=\"has-text-align-center\" data-align=\"center\">09:00 Uhr<\/td><td>\u00dcbungsschie\u00dfen 100m Bockscheibe, stehend, angestrichen<br>Sch\u00fctzenverein Niederwillingen<\/td><\/tr><tr><td class=\"has-text-align-center\" data-align=\"center\">12.09.2026<\/td><td class=\"has-text-align-center\" data-align=\"center\">14:00 Uhr<\/td><td>J\u00e4gerfest<\/td><\/tr><tr><td class=\"has-text-align-center\" data-align=\"center\"><\/td><td class=\"has-text-align-center\" data-align=\"center\"><\/td><td>\u00dcbungsschie\u00dfen Trap<br>Sch\u00fctzenverein Niederwillingen<\/td><\/tr><tr><td class=\"has-text-align-center\" data-align=\"center\"><\/td><td class=\"has-text-align-center\" data-align=\"center\"><\/td><td><\/td><\/tr><tr><td class=\"has-text-align-center\" data-align=\"center\">vergangene<\/td><td class=\"has-text-align-center\" data-align=\"center\">Veranstaltungen in 2026<\/td><td><\/td><\/tr><tr><td class=\"has-text-align-center\" data-align=\"center\">18.04.2026<\/td><td class=\"has-text-align-center\" data-align=\"center\">09:30 Uhr<\/td><td>\u00dcbungsschie\u00dfen laufender Keiler, Schie\u00dfsportzentrum Suhl<\/td><\/tr><tr><td class=\"has-text-align-center\" data-align=\"center\">21.03.2026<\/td><td class=\"has-text-align-center\" data-align=\"center\">09:00 Uhr<\/td><td>Jahreshauptversammlung der J\u00e4gerschaft<br>Schortem\u00fchle, Ilmenau <a href=\"https:\/\/js-ilmenau.de\/wp-content\/uploads\/2026\/02\/JS-ILmenau-JHV2026.pdf\" target=\"_blank\" rel=\"noreferrer noopener\">(Tagesordnung)<\/a><\/td><\/tr><tr><td class=\"has-text-align-center\" data-align=\"center\">21.02.2026<\/td><td class=\"has-text-align-center\" data-align=\"center\">10:00 Uhr<\/td><td>Infoveranstaltung zum Jagdscheinkurs <br>Parkplatz DM-Drogerie, Nachbargeb\u00e4ude<\/td><\/tr><tr><td class=\"has-text-align-center\" data-align=\"center\">11.02.2026<\/td><td class=\"has-text-align-center\" data-align=\"center\">18:00 Uhr<\/td><td>Hegeringversammlung &#8222;Rennsteig&#8220;<br>Bauernstube, Frauenwald<\/td><\/tr><tr><td class=\"has-text-align-center\" data-align=\"center\">06.02.2026<\/td><td class=\"has-text-align-center\" data-align=\"center\">18:00 Uhr<\/td><td>Hegeringversammlung &#8222;Schortem\u00fchle&#8220;<br>Schortem\u00fchle, Ilmenau<\/td><\/tr><tr><td class=\"has-text-align-center\" data-align=\"center\">04.02.2026<\/td><td class=\"has-text-align-center\" data-align=\"center\">18:00 Uhr<\/td><td>Hegeringversammlung &#8222;Langer Berg&#8220;<br>Kirchgasse 15, Neustadt<\/td><\/tr><\/tbody><\/table><\/figure>\n<\/div>\n<\/div>\n\n\n\n<div class=\"wp-block-group\"><div class=\"wp-block-group__inner-container is-layout-flow wp-block-group-is-layout-flow\">\n<hr class=\"wp-block-separator has-alpha-channel-opacity\"\/>\n<\/div><\/div>\n\n\n\n<p><\/p>\n","protected":false},"excerpt":{"rendered":"<p>zuk\u00fcnftige Termine 23.05.2026 09:00 Uhr \u00dcbungsschie\u00dfen 100m Bockscheibe, stehend, angestrichenSch\u00fctzenverein Niederwillingen 12.09.2026 14:00 Uhr J\u00e4gerfest \u00dcbungsschie\u00dfen TrapSch\u00fctzenverein Niederwillingen vergangene Veranstaltungen in 2026 18.04.2026 09:30 Uhr&#8230;<\/p>\n","protected":false},"author":1,"featured_media":0,"parent":0,"menu_order":0,"comment_status":"closed","ping_status":"closed","template":"","meta":{"footnotes":""},"class_list":["post-11","page","type-page","status-publish","hentry"],"_links":{"self":[{"href":"https:\/\/js-ilmenau.de\/index.php\/wp-json\/wp\/v2\/pages\/11","targetHints":{"allow":["GET"]}}],"collection":[{"href":"https:\/\/js-ilmenau.de\/index.php\/wp-json\/wp\/v2\/pages"}],"about":[{"href":"https:\/\/js-ilmenau.de\/index.php\/wp-json\/wp\/v2\/types\/page"}],"author":[{"embeddable":true,"href":"https:\/\/js-ilmenau.de\/index.php\/wp-json\/wp\/v2\/users\/1"}],"replies":[{"embeddable":true,"href":"https:\/\/js-ilmenau.de\/index.php\/wp-json\/wp\/v2\/comments?post=11"}],"version-history":[{"count":82,"href":"https:\/\/js-ilmenau.de\/index.php\/wp-json\/wp\/v2\/pages\/11\/revisions"}],"predecessor-version":[{"id":940,"href":"https:\/\/js-ilmenau.de\/index.php\/wp-json\/wp\/v2\/pages\/11\/revisions\/940"}],"wp:attachment":[{"href":"https:\/\/js-ilmenau.de\/index.php\/wp-json\/wp\/v2\/media?parent=11"}],"curies":[{"name":"wp","href":"https:\/\/api.w.org\/{rel}","templated":true}]}}