{"id":17,"date":"2022-10-11T14:03:59","date_gmt":"2022-10-11T14:03:59","guid":{"rendered":"https:\/\/ww2.picture-vision.com\/jaegerschaft-ilmenau.de\/?page_id=17"},"modified":"2025-09-16T19:52:16","modified_gmt":"2025-09-16T19:52:16","slug":"jaegerschaft","status":"publish","type":"page","link":"https:\/\/js-ilmenau.de\/","title":{"rendered":"J\u00e4gerschaft Ilmenau"},"content":{"rendered":"\n<h2 class=\"wp-block-heading has-text-align-center has-large-font-size\" style=\"text-transform:uppercase\">Herzlich willkommen bei der J\u00e4gerschaft Ilmenau e.V.<\/h2>\n\n\n\n<p class=\"has-text-align-center has-medium-font-size\"><em>Und wenn es nicht ums Jagen w\u00e4r so fr\u00fch im Holz zu streifen. Zu lauschen wie der Kuckuck ruft und wie die Finken pfeifen. Zu atmen frischen Tannenduft und taugek\u00fchlte Morgenluft. Es w\u00e4r genug der Lust dabei- ein Lob der edlen J\u00e4gerei!\u201d<\/em> <em>(unbekannt)<\/em><\/p>\n\n\n\n<hr class=\"wp-block-separator has-alpha-channel-opacity\"\/>\n\n\n\n<p class=\"has-text-align-center\">Zur Aufgabe der J\u00e4gerschaft Ilmenau z\u00e4hlen neben der intensiven Pflege und F\u00f6rderung s\u00e4mtlicher Zweige des Jagdwesens und des jagdlichen Brauchtums auch die umfassende, professionelle jagdlichen Aus- und Weiterbildung von Jungj\u00e4gern. <\/p>\n\n\n\n<p class=\"has-text-align-center\">Die J\u00e4gerschaft Ilmenau k\u00fcmmerst sich um die Information der Gesellschaft. Der umfassende Schutz der Natur sowie die Erhaltung artenreicher Best\u00e4nde der nat\u00fcrlichen Tier- und Pflanzenwelt stehen im Mittelpunkt unseres Handelns. Die J\u00e4gerschaft f\u00f6rdert und pflegt das Jagdhundewesen sowie die Ausbildung von Jagdhunden und der nicht jagdlich gef\u00fchrten Begleithunde.<\/p>\n\n\n\n<p class=\"has-text-align-center\">Der sparsame, schonende und vor allem nachhaltige Umgang mit Naturg\u00fctern der Flora und Fauna in unseren privaten und staatlichen Revieren z\u00e4hlt zu den Grunds\u00e4tzen der J\u00e4gerschaft Ilmenau in Th\u00fcringen.<\/p>\n\n\n\n<hr class=\"wp-block-separator has-alpha-channel-opacity\"\/>\n\n\n\n<h2 class=\"wp-block-heading has-text-align-center has-large-font-size\" style=\"text-transform:uppercase\">So werden Sie ein Mitglied unserer J\u00e4gerschaft  <\/h2>\n\n\n\n<p class=\"has-text-align-center\">Sind Sie bereits J\u00e4ger oder Naturfreund und m\u00f6chten ein Mitglied der J\u00e4gerschaft Ilmenau werden? Dann k\u00f6nnen Sie sich auf unserer Internetseite und den sozialen Medien erkundigen. Wir stehen Ihnen gerne auch telefonisch oder auch im Rahmen eines pers\u00f6nlichen Gespr\u00e4chs zur Verf\u00fcgung.<\/p>\n\n\n\n<p class=\"has-text-align-center has-medium-font-size\"><em><strong>J\u00e4gerschaft Ilmenau e.V.<br>Mittelfeldweg 4<br>98701 Gro\u00dfbreitenbach <br>Telefon: +49 (0)36738 &#8211; 741 349<br>Mobil: +49 (0)170 &#8211; 52 75 76 4<br>Mail: jaegerschaft-ilmenau@gmx.de<\/strong><\/em><\/p>\n\n\n\n<p class=\"has-text-align-center\">Gern k\u00f6nnen Sie sich auch unseren <a href=\"https:\/\/js-ilmenau.de\/wp-content\/uploads\/2023\/01\/Aufnameantrag-Jaegerschaft-Ilmenau.pdf\" data-type=\"URL\" data-id=\"https:\/\/ww2.picture-vision.com\/jaegerschaft-ilmenau.de\/wp-content\/uploads\/2023\/01\/Aufnameantrag-Jaegerschaft-Ilmenau.pdf\"><strong>Aufnahmeantrag<\/strong><\/a> herunterladen, ausf\u00fcllen und per Mail oder Post an die oben gekennzeichnete Anschrift schicken. Vielen Dank und Herzlich willkommen in unserer J\u00e4gerschaft!<\/p>\n\n\n\n<hr class=\"wp-block-separator has-alpha-channel-opacity\"\/>\n\n\n\n<figure class=\"wp-block-gallery has-nested-images columns-default is-cropped wp-block-gallery-1 is-layout-flex wp-block-gallery-is-layout-flex\">\n<figure class=\"wp-block-image size-large\"><img loading=\"lazy\" decoding=\"async\" width=\"770\" height=\"458\" data-id=\"830\" src=\"https:\/\/js-ilmenau.de\/wp-content\/uploads\/2025\/01\/Rehsprung_Ina-Schmidt-770x458.jpg\" alt=\"Foto: Ina Schmidt\" class=\"wp-image-830\"\/><figcaption class=\"wp-element-caption\"><sub>Foto: Ina Schmidt<\/sub><\/figcaption><\/figure>\n\n\n\n<figure class=\"wp-block-image size-large\"><img loading=\"lazy\" decoding=\"async\" width=\"770\" height=\"458\" data-id=\"531\" src=\"https:\/\/js-ilmenau.de\/wp-content\/uploads\/2023\/01\/PR7A0057-2-770x458.jpg\" alt=\"\" class=\"wp-image-531\"\/><\/figure>\n\n\n\n<figure class=\"wp-block-image size-large\"><img loading=\"lazy\" decoding=\"async\" width=\"770\" height=\"458\" data-id=\"532\" src=\"https:\/\/js-ilmenau.de\/wp-content\/uploads\/2023\/01\/MGL0202-770x458.jpg\" alt=\"\" class=\"wp-image-532\"\/><\/figure>\n\n\n\n<figure class=\"wp-block-image size-large\"><img loading=\"lazy\" decoding=\"async\" width=\"770\" height=\"458\" data-id=\"530\" src=\"https:\/\/js-ilmenau.de\/wp-content\/uploads\/2023\/01\/IMGL1642-770x458.jpg\" alt=\"\" class=\"wp-image-530\"\/><\/figure>\n\n\n\n<figure class=\"wp-block-image size-large\"><img loading=\"lazy\" decoding=\"async\" width=\"770\" height=\"458\" data-id=\"828\" src=\"https:\/\/js-ilmenau.de\/wp-content\/uploads\/2025\/01\/Eisvogel2_Ina-Schmidt-770x458.jpg\" alt=\"\" class=\"wp-image-828\"\/><figcaption class=\"wp-element-caption\"><sub>Foto: Ina Schmidt<\/sub><\/figcaption><\/figure>\n\n\n\n<figure class=\"wp-block-image size-large\"><img loading=\"lazy\" decoding=\"async\" width=\"770\" height=\"458\" data-id=\"528\" src=\"https:\/\/js-ilmenau.de\/wp-content\/uploads\/2023\/01\/IMG_0318-770x458.jpg\" alt=\"\" class=\"wp-image-528\"\/><\/figure>\n<\/figure>\n\n\n\n<hr class=\"wp-block-separator has-alpha-channel-opacity\"\/>\n\n\n\n<div class=\"wp-block-columns is-layout-flex wp-container-core-columns-is-layout-9d6595d7 wp-block-columns-is-layout-flex\">\n<div class=\"wp-block-column is-layout-flow wp-block-column-is-layout-flow\"><div class=\"wp-block-image\">\n<figure class=\"aligncenter size-full is-resized\"><a href=\"https:\/\/js-ilmenau.de\/index.php\/termine\/\"><img loading=\"lazy\" decoding=\"async\" width=\"436\" height=\"513\" src=\"https:\/\/ww2.picture-vision.com\/jaegerschaft-ilmenau.de\/wp-content\/uploads\/2023\/01\/Termine.png\" alt=\"\" class=\"wp-image-643\" style=\"width:218px;height:257px\" srcset=\"https:\/\/js-ilmenau.de\/wp-content\/uploads\/2023\/01\/Termine.png 436w, https:\/\/js-ilmenau.de\/wp-content\/uploads\/2023\/01\/Termine-140x165.png 140w\" sizes=\"auto, (max-width: 436px) 100vw, 436px\" \/><\/a><\/figure>\n<\/div><\/div>\n\n\n\n<div class=\"wp-block-column is-layout-flow wp-block-column-is-layout-flow\"><div class=\"wp-block-image\">\n<figure class=\"aligncenter size-full is-resized\"><a href=\"https:\/\/js-ilmenau.de\/index.php\/jagdschule\"><img loading=\"lazy\" decoding=\"async\" width=\"436\" height=\"513\" src=\"https:\/\/ww2.picture-vision.com\/jaegerschaft-ilmenau.de\/wp-content\/uploads\/2023\/01\/Ausbildung.png\" alt=\"\" class=\"wp-image-644\" style=\"width:218px;height:257px\" srcset=\"https:\/\/js-ilmenau.de\/wp-content\/uploads\/2023\/01\/Ausbildung.png 436w, https:\/\/js-ilmenau.de\/wp-content\/uploads\/2023\/01\/Ausbildung-140x165.png 140w\" sizes=\"auto, (max-width: 436px) 100vw, 436px\" \/><\/a><\/figure>\n<\/div><\/div>\n\n\n\n<div class=\"wp-block-column is-layout-flow wp-block-column-is-layout-flow\"><div class=\"wp-block-image\">\n<figure class=\"aligncenter size-full is-resized\"><a href=\"https:\/\/js-ilmenau.de\/index.php\/vorstand-neu\/\"><img loading=\"lazy\" decoding=\"async\" width=\"436\" height=\"513\" src=\"https:\/\/ww2.picture-vision.com\/jaegerschaft-ilmenau.de\/wp-content\/uploads\/2023\/01\/Hund.png\" alt=\"\" class=\"wp-image-645\" style=\"width:218px;height:257px\" srcset=\"https:\/\/js-ilmenau.de\/wp-content\/uploads\/2023\/01\/Hund.png 436w, https:\/\/js-ilmenau.de\/wp-content\/uploads\/2023\/01\/Hund-140x165.png 140w\" sizes=\"auto, (max-width: 436px) 100vw, 436px\" \/><\/a><\/figure>\n<\/div><\/div>\n<\/div>\n\n\n\n<div class=\"wp-block-buttons is-layout-flex wp-block-buttons-is-layout-flex\"><\/div>\n\n\n\n<div class=\"wp-block-buttons is-content-justification-center is-layout-flex wp-container-core-buttons-is-layout-16018d1d wp-block-buttons-is-layout-flex\"><\/div>\n\n\n\n<div style=\"height:108px\" aria-hidden=\"true\" class=\"wp-block-spacer\"><\/div>\n","protected":false},"excerpt":{"rendered":"<p>Herzlich willkommen bei der J\u00e4gerschaft Ilmenau e.V. Und wenn es nicht ums Jagen w\u00e4r so fr\u00fch im Holz zu streifen. Zu lauschen wie der Kuckuck&#8230;<\/p>\n","protected":false},"author":1,"featured_media":0,"parent":0,"menu_order":0,"comment_status":"closed","ping_status":"closed","template":"","meta":{"footnotes":""},"class_list":["post-17","page","type-page","status-publish","hentry"],"_links":{"self":[{"href":"https:\/\/js-ilmenau.de\/index.php\/wp-json\/wp\/v2\/pages\/17","targetHints":{"allow":["GET"]}}],"collection":[{"href":"https:\/\/js-ilmenau.de\/index.php\/wp-json\/wp\/v2\/pages"}],"about":[{"href":"https:\/\/js-ilmenau.de\/index.php\/wp-json\/wp\/v2\/types\/page"}],"author":[{"embeddable":true,"href":"https:\/\/js-ilmenau.de\/index.php\/wp-json\/wp\/v2\/users\/1"}],"replies":[{"embeddable":true,"href":"https:\/\/js-ilmenau.de\/index.php\/wp-json\/wp\/v2\/comments?post=17"}],"version-history":[{"count":129,"href":"https:\/\/js-ilmenau.de\/index.php\/wp-json\/wp\/v2\/pages\/17\/revisions"}],"predecessor-version":[{"id":884,"href":"https:\/\/js-ilmenau.de\/index.php\/wp-json\/wp\/v2\/pages\/17\/revisions\/884"}],"wp:attachment":[{"href":"https:\/\/js-ilmenau.de\/index.php\/wp-json\/wp\/v2\/media?parent=17"}],"curies":[{"name":"wp","href":"https:\/\/api.w.org\/{rel}","templated":true}]}}