{"id":21,"date":"2022-10-11T14:04:30","date_gmt":"2022-10-11T14:04:30","guid":{"rendered":"https:\/\/ww2.picture-vision.com\/jaegerschaft-ilmenau.de\/?page_id=21"},"modified":"2026-02-18T19:00:44","modified_gmt":"2026-02-18T19:00:44","slug":"jagdschule","status":"publish","type":"page","link":"https:\/\/js-ilmenau.de\/index.php\/jagdschule\/","title":{"rendered":"Jagdausbildung"},"content":{"rendered":"\n<p><\/p>\n\n\n\n<p>Es gibt viele Gr\u00fcnde f\u00fcr Menschen einen Jagdschein abzulegen. An erster Stelle steht bei den meisten Anw\u00e4rtern die Liebe zur Natur, denn Jagd ist aktiver Naturschutz. J\u00e4gerinnen und J\u00e4ger nehmen die Natur mit anderen Augen war. Beim gr\u00fcnen Abitur, wie die J\u00e4gerpr\u00fcfung auch genannt wird, werden die komplexen Zusammenh\u00e4nge zwischen Wildtieren und deren Lebensraum ausf\u00fchrlich beleuchtet. Jagd bedeuted eben nicht nur, Tiere zu t\u00f6ten. Mit der Aus\u00fcbung der Jagd ist an erster Stelle die Pflicht zu Hege verbunden. Das bedeuted, dass J\u00e4gerinnen und J\u00e4ger f\u00fcr den Erhalt heimischer Wildtierbest\u00e4nde und die Balance zur Artenvielfalt in unserer Kulturlandschaft genauso verantwortlich sind, wie bei der Pr\u00e4vention von Tierseuchen.<\/p>\n\n\n\n<p>Die J\u00e4gerschaft Ilmenau bildet in kleinen Gruppen Jagdsch\u00fcler*innen in Theorie und Praxis aus und f\u00fchrt sie bis zum begehrten gr\u00fcnen Abitur, einer staatlich anerkannten dreiteiligen Pr\u00fcfung (m\u00fcndliche und schriftliche Pr\u00fcfung, sowie Schie\u00dfpr\u00fcfung). <\/p>\n\n\n\n<p>F\u00fcr einen Ausbildungkurs im Fr\u00fchjahr 2026 findet am Samstag, den 21. Februar 2026, 10:00 Uhr eine Informationsveranstaltung mit unserer Ausbildungsleiterin statt. Wenn auch Du Interesse an einer Jagdausbildung in der Saison 2026 hast, melde Dich bei unserer Ausbilderin Sylvia Werner (Kontaktdaten unter &#8222;Vorstand&#8220;).<\/p>\n\n\n\n<p><\/p>\n\n\n\n<p><\/p>\n\n\n\n<p><\/p>\n","protected":false},"excerpt":{"rendered":"<p>Es gibt viele Gr\u00fcnde f\u00fcr Menschen einen Jagdschein abzulegen. An erster Stelle steht bei den meisten Anw\u00e4rtern die Liebe zur Natur, denn Jagd ist aktiver&#8230;<\/p>\n","protected":false},"author":1,"featured_media":0,"parent":0,"menu_order":0,"comment_status":"closed","ping_status":"closed","template":"","meta":{"footnotes":""},"class_list":["post-21","page","type-page","status-publish","hentry"],"_links":{"self":[{"href":"https:\/\/js-ilmenau.de\/index.php\/wp-json\/wp\/v2\/pages\/21","targetHints":{"allow":["GET"]}}],"collection":[{"href":"https:\/\/js-ilmenau.de\/index.php\/wp-json\/wp\/v2\/pages"}],"about":[{"href":"https:\/\/js-ilmenau.de\/index.php\/wp-json\/wp\/v2\/types\/page"}],"author":[{"embeddable":true,"href":"https:\/\/js-ilmenau.de\/index.php\/wp-json\/wp\/v2\/users\/1"}],"replies":[{"embeddable":true,"href":"https:\/\/js-ilmenau.de\/index.php\/wp-json\/wp\/v2\/comments?post=21"}],"version-history":[{"count":8,"href":"https:\/\/js-ilmenau.de\/index.php\/wp-json\/wp\/v2\/pages\/21\/revisions"}],"predecessor-version":[{"id":916,"href":"https:\/\/js-ilmenau.de\/index.php\/wp-json\/wp\/v2\/pages\/21\/revisions\/916"}],"wp:attachment":[{"href":"https:\/\/js-ilmenau.de\/index.php\/wp-json\/wp\/v2\/media?parent=21"}],"curies":[{"name":"wp","href":"https:\/\/api.w.org\/{rel}","templated":true}]}}