{"id":467,"date":"2022-10-25T15:26:42","date_gmt":"2022-10-25T15:26:42","guid":{"rendered":"https:\/\/ww2.picture-vision.com\/jaegerschaft-ilmenau.de\/?page_id=467"},"modified":"2025-05-05T19:02:56","modified_gmt":"2025-05-05T19:02:56","slug":"mitglied-werden","status":"publish","type":"page","link":"https:\/\/js-ilmenau.de\/index.php\/jaegerschaft\/mitglied-werden\/","title":{"rendered":"Mitglied werden"},"content":{"rendered":"\n<h2 class=\"wp-block-heading has-text-align-center has-large-font-size\" style=\"text-transform:uppercase\">Mitglied werden<\/h2>\n\n\n\n<p class=\"has-text-align-center\">Die J\u00e4gerschaft Ilmenau hat momentan ca. 130 Mitglieder und gliedert sich in 4 Hegeringe. Unsere Aufgabe ist die Vertretung der Interessen der J\u00e4gerinnen und J\u00e4ger in den Revieren der Region Ilmenau.<\/p>\n\n\n\n<p class=\"has-text-align-center\">Sie sind bereits J\u00e4ger und m\u00f6chten ein Mitglied der J\u00e4gerschaft Ilmenau werden? Fordern Sie gern per Mail an <mark style=\"background-color:rgba(0, 0, 0, 0)\" class=\"has-inline-color has-brown-color\">info@js-ilmenau.de<\/mark> den Aufnahmeantrag an. Gern stehen wir Ihnen auch telefonisch oder auch im Rahmen eines pers\u00f6nlichen Gespr\u00e4chs zur Verf\u00fcgung.<\/p>\n\n\n\n<p class=\"has-text-align-center has-medium-font-size\"><em><strong>J\u00e4gerschaft Ilmenau e.V.<br>Mittelfeldweg 4<br>98701 Gro\u00dfbreitenbach <br>Telefon: +49 (0)36738 &#8211; 741 349<br>Mobil: +49 (0)170 &#8211; 52 75 76 4<br>Emai: info@js-ilmenau.de<\/strong><\/em><\/p>\n\n\n\n<p class=\"has-text-align-center\">Vielen Dank und Herzlich willkommen in unserer J\u00e4gerschaft!<\/p>\n\n\n\n<p class=\"has-text-align-center has-large-font-size\"><a href=\"https:\/\/js-ilmenau.de\/wp-content\/uploads\/2023\/01\/Aufnameantrag-Jaegerschaft-Ilmenau.pdf\" data-type=\"URL\" data-id=\"https:\/\/ww2.picture-vision.com\/jaegerschaft-ilmenau.de\/wp-content\/uploads\/2023\/01\/Aufnameantrag-Jaegerschaft-Ilmenau.pdf\">Anmeldeantrag<\/a><\/p>\n","protected":false},"excerpt":{"rendered":"<p>Mitglied werden Die J\u00e4gerschaft Ilmenau hat momentan ca. 130 Mitglieder und gliedert sich in 4 Hegeringe. Unsere Aufgabe ist die Vertretung der Interessen der J\u00e4gerinnen&#8230;<\/p>\n","protected":false},"author":1,"featured_media":0,"parent":17,"menu_order":0,"comment_status":"closed","ping_status":"closed","template":"","meta":{"footnotes":""},"class_list":["post-467","page","type-page","status-publish","hentry"],"_links":{"self":[{"href":"https:\/\/js-ilmenau.de\/index.php\/wp-json\/wp\/v2\/pages\/467","targetHints":{"allow":["GET"]}}],"collection":[{"href":"https:\/\/js-ilmenau.de\/index.php\/wp-json\/wp\/v2\/pages"}],"about":[{"href":"https:\/\/js-ilmenau.de\/index.php\/wp-json\/wp\/v2\/types\/page"}],"author":[{"embeddable":true,"href":"https:\/\/js-ilmenau.de\/index.php\/wp-json\/wp\/v2\/users\/1"}],"replies":[{"embeddable":true,"href":"https:\/\/js-ilmenau.de\/index.php\/wp-json\/wp\/v2\/comments?post=467"}],"version-history":[{"count":10,"href":"https:\/\/js-ilmenau.de\/index.php\/wp-json\/wp\/v2\/pages\/467\/revisions"}],"predecessor-version":[{"id":871,"href":"https:\/\/js-ilmenau.de\/index.php\/wp-json\/wp\/v2\/pages\/467\/revisions\/871"}],"up":[{"embeddable":true,"href":"https:\/\/js-ilmenau.de\/index.php\/wp-json\/wp\/v2\/pages\/17"}],"wp:attachment":[{"href":"https:\/\/js-ilmenau.de\/index.php\/wp-json\/wp\/v2\/media?parent=467"}],"curies":[{"name":"wp","href":"https:\/\/api.w.org\/{rel}","templated":true}]}}