{"id":62,"date":"2022-10-18T17:41:27","date_gmt":"2022-10-18T17:41:27","guid":{"rendered":"https:\/\/ww2.picture-vision.com\/jaegerschaft-ilmenau.de\/?page_id=62"},"modified":"2026-02-18T18:31:45","modified_gmt":"2026-02-18T18:31:45","slug":"hegeringe","status":"publish","type":"page","link":"https:\/\/js-ilmenau.de\/index.php\/hegeringe\/","title":{"rendered":"Hegeringe"},"content":{"rendered":"\n<h2 class=\"wp-block-heading has-text-align-center has-large-font-size\" style=\"text-transform:uppercase\">Hegeringe<\/h2>\n\n\n\n<p class=\"has-text-align-center\">Der Hegering ist eine Untergliederung der J\u00e4gerschaft auf lokaler Ebene, und damit nach Landesjagdverband und Kreisj\u00e4gerschaft die kleinste Organisationseinheit im Deutschen Jagd Verband. Die Mitgliedschaft im \u00f6rtlichen Hegering ist an die Mitgliedschaft im Landesjagdverband gebunden und damit f\u00fcr die J\u00e4ger freiwillig.<\/p>\n\n\n\n<p class=\"has-text-align-center\">Ein Hegering ist nicht zu verwechseln mit einer Hegegemeinschaft, deren Zielsetzung nicht die Organisation aller J\u00e4ger ist, sondern die Organisation regionaler Revierinhaber, zur Koordination der Hegema\u00dfnahmen.<\/p>\n\n\n\n<p class=\"has-text-align-center\">Die J\u00e4gerschaft Ilmenau umfasst 3 Hegeringe.<\/p>\n\n\n\n<hr class=\"wp-block-separator has-alpha-channel-opacity\"\/>\n\n\n\n<div class=\"wp-block-columns is-layout-flex wp-container-core-columns-is-layout-9d6595d7 wp-block-columns-is-layout-flex\">\n<div class=\"wp-block-column is-layout-flow wp-block-column-is-layout-flow\">\n<div class=\"wp-block-cover\" style=\"min-height:243px;aspect-ratio:unset;\"><span aria-hidden=\"true\" class=\"wp-block-cover__background has-background-dim-100 has-background-dim\" style=\"background-color:#133337\"><\/span><div class=\"wp-block-cover__inner-container is-layout-flow wp-block-cover-is-layout-flow\">\n<figure class=\"wp-block-gallery aligncenter has-nested-images columns-default is-cropped wp-block-gallery-1 is-layout-flex wp-block-gallery-is-layout-flex\">\n<figure class=\"wp-block-image size-full is-style-default\"><img loading=\"lazy\" decoding=\"async\" width=\"300\" height=\"200\" data-id=\"566\" src=\"https:\/\/ww2.picture-vision.com\/jaegerschaft-ilmenau.de\/wp-content\/uploads\/2023\/01\/Rennsteig-Hegering.jpg\" alt=\"\" class=\"wp-image-566\" srcset=\"https:\/\/js-ilmenau.de\/wp-content\/uploads\/2023\/01\/Rennsteig-Hegering.jpg 300w, https:\/\/js-ilmenau.de\/wp-content\/uploads\/2023\/01\/Rennsteig-Hegering-140x93.jpg 140w\" sizes=\"auto, (max-width: 300px) 100vw, 300px\" \/><\/figure>\n<\/figure>\n\n\n\n<p class=\"has-text-align-center has-medium-font-size\"><a href=\"https:\/\/js-ilmenau.de\/index.php\/vorstand-neu\/\" data-type=\"page\">RENNSTEIG<\/a><\/p>\n<\/div><\/div>\n<\/div>\n\n\n\n<div class=\"wp-block-column is-layout-flow wp-block-column-is-layout-flow\">\n<div class=\"wp-block-cover\" style=\"min-height:243px;aspect-ratio:unset;\"><span aria-hidden=\"true\" class=\"wp-block-cover__background has-background-dim-100 has-background-dim\" style=\"background-color:#133337\"><\/span><div class=\"wp-block-cover__inner-container is-layout-flow wp-block-cover-is-layout-flow\">\n<figure class=\"wp-block-gallery has-nested-images columns-default is-cropped wp-block-gallery-2 is-layout-flex wp-block-gallery-is-layout-flex\">\n<figure class=\"wp-block-image size-full\"><img loading=\"lazy\" decoding=\"async\" width=\"300\" height=\"200\" data-id=\"708\" src=\"https:\/\/ww2.picture-vision.com\/jaegerschaft-ilmenau.de\/wp-content\/uploads\/2023\/03\/Winter_Langer_Berg.jpg\" alt=\"\" class=\"wp-image-708\" srcset=\"https:\/\/js-ilmenau.de\/wp-content\/uploads\/2023\/03\/Winter_Langer_Berg.jpg 300w, https:\/\/js-ilmenau.de\/wp-content\/uploads\/2023\/03\/Winter_Langer_Berg-140x93.jpg 140w\" sizes=\"auto, (max-width: 300px) 100vw, 300px\" \/><\/figure>\n<\/figure>\n\n\n\n<p class=\"has-text-align-center has-medium-font-size\"><a href=\"https:\/\/js-ilmenau.de\/index.php\/vorstand-neu\/\" data-type=\"page\" data-id=\"258\">LANGER BERG<\/a><\/p>\n<\/div><\/div>\n<\/div>\n\n\n\n<div class=\"wp-block-column is-layout-flow wp-block-column-is-layout-flow\">\n<div class=\"wp-block-cover\" style=\"min-height:243px;aspect-ratio:unset;\"><span aria-hidden=\"true\" class=\"wp-block-cover__background has-background-dim-100 has-background-dim\" style=\"background-color:#133337\"><\/span><div class=\"wp-block-cover__inner-container is-layout-flow wp-block-cover-is-layout-flow\">\n<figure class=\"wp-block-gallery aligncenter has-nested-images columns-default is-cropped wp-block-gallery-3 is-layout-flex wp-block-gallery-is-layout-flex\">\n<figure class=\"wp-block-image size-full is-style-default\"><img loading=\"lazy\" decoding=\"async\" width=\"300\" height=\"200\" data-id=\"710\" src=\"https:\/\/ww2.picture-vision.com\/jaegerschaft-ilmenau.de\/wp-content\/uploads\/2023\/03\/IMG_4258.jpg\" alt=\"\" class=\"wp-image-710\" srcset=\"https:\/\/js-ilmenau.de\/wp-content\/uploads\/2023\/03\/IMG_4258.jpg 300w, https:\/\/js-ilmenau.de\/wp-content\/uploads\/2023\/03\/IMG_4258-140x93.jpg 140w\" sizes=\"auto, (max-width: 300px) 100vw, 300px\" \/><\/figure>\n<\/figure>\n\n\n\n<p class=\"has-text-align-center has-medium-font-size\"><a href=\"https:\/\/js-ilmenau.de\/index.php\/vorstand-neu\/\" data-type=\"page\">SCHORTETAL<\/a><\/p>\n<\/div><\/div>\n<\/div>\n<\/div>\n\n\n\n<p><\/p>\n\n\n\n<p><\/p>\n\n\n\n<hr class=\"wp-block-separator has-alpha-channel-opacity\"\/>\n","protected":false},"excerpt":{"rendered":"<p>Hegeringe Der Hegering ist eine Untergliederung der J\u00e4gerschaft auf lokaler Ebene, und damit nach Landesjagdverband und Kreisj\u00e4gerschaft die kleinste Organisationseinheit im Deutschen Jagd Verband. Die&#8230;<\/p>\n","protected":false},"author":1,"featured_media":0,"parent":0,"menu_order":0,"comment_status":"closed","ping_status":"closed","template":"portfolio-grid-3-cols.php","meta":{"footnotes":""},"class_list":["post-62","page","type-page","status-publish","hentry"],"_links":{"self":[{"href":"https:\/\/js-ilmenau.de\/index.php\/wp-json\/wp\/v2\/pages\/62","targetHints":{"allow":["GET"]}}],"collection":[{"href":"https:\/\/js-ilmenau.de\/index.php\/wp-json\/wp\/v2\/pages"}],"about":[{"href":"https:\/\/js-ilmenau.de\/index.php\/wp-json\/wp\/v2\/types\/page"}],"author":[{"embeddable":true,"href":"https:\/\/js-ilmenau.de\/index.php\/wp-json\/wp\/v2\/users\/1"}],"replies":[{"embeddable":true,"href":"https:\/\/js-ilmenau.de\/index.php\/wp-json\/wp\/v2\/comments?post=62"}],"version-history":[{"count":47,"href":"https:\/\/js-ilmenau.de\/index.php\/wp-json\/wp\/v2\/pages\/62\/revisions"}],"predecessor-version":[{"id":910,"href":"https:\/\/js-ilmenau.de\/index.php\/wp-json\/wp\/v2\/pages\/62\/revisions\/910"}],"wp:attachment":[{"href":"https:\/\/js-ilmenau.de\/index.php\/wp-json\/wp\/v2\/media?parent=62"}],"curies":[{"name":"wp","href":"https:\/\/api.w.org\/{rel}","templated":true}]}}